{"id":10,"date":"2022-12-30T15:24:45","date_gmt":"2022-12-30T14:24:45","guid":{"rendered":"http:\/\/jjchasseroyal.com\/wordpress-6.1.1-fr_FR\/wordpress\/?page_id=7"},"modified":"2025-09-05T16:32:57","modified_gmt":"2025-09-05T14:32:57","slug":"about","status":"publish","type":"page","link":"https:\/\/chassespagne.com\/index.php\/about\/","title":{"rendered":"Des passionn\u00e9s, h\u00e9ritiers d&rsquo;un savoir-faire familial enrichi par plusieurs g\u00e9n\u00e9rations&#8230;"},"content":{"rendered":"\t\t<div data-elementor-type=\"wp-page\" data-elementor-id=\"10\" class=\"elementor elementor-10\">\n\t\t\t\t<div class=\"elementor-element elementor-element-28f44a9a e-flex e-con-boxed e-con e-parent\" data-id=\"28f44a9a\" data-element_type=\"container\">\n\t\t\t\t\t<div class=\"e-con-inner\">\n\t\t\t\t<div class=\"elementor-element elementor-element-d059e92 elementor-widget elementor-widget-text-editor\" data-id=\"d059e92\" data-element_type=\"widget\" data-widget_type=\"text-editor.default\">\n\t\t\t\t\t\t\t\t\t\n<div class=\"wp-block-columns alignwide is-layout-flex wp-container-core-columns-is-layout-28f84493 wp-block-columns-is-layout-flex\">\n<div class=\"wp-block-column is-layout-flow wp-block-column-is-layout-flow\">\n<figure class=\"wp-block-image aligncenter size-full is-style-rounded\"><img fetchpriority=\"high\" decoding=\"async\" width=\"512\" height=\"449\" class=\"wp-image-28\" src=\"http:\/\/chassespagne.com\/wp-content\/uploads\/2022\/12\/cropped-logo_noir_bicolor_transparent-e1672667254917.png\" alt=\"\" srcset=\"https:\/\/chassespagne.com\/wp-content\/uploads\/2022\/12\/cropped-logo_noir_bicolor_transparent-e1672667254917.png 512w, https:\/\/chassespagne.com\/wp-content\/uploads\/2022\/12\/cropped-logo_noir_bicolor_transparent-e1672667254917-300x263.png 300w\" sizes=\"(max-width: 512px) 100vw, 512px\" \/>\n<figcaption class=\"wp-element-caption\"><strong>MAISON DE CHASSE ROYALE<\/strong><\/figcaption>\n<\/figure>\n\n<p class=\"has-black-color has-text-color has-medium-font-size\">La Team<\/p>\n\n<p>Des chasseurs, \u00e9lev\u00e9s dans les meilleures traditions, qui ont accompagn\u00e9 leurs grands-parents, qui ont quitt\u00e9 le foyer familial pour aller \u00e9tudier et qui, \u00e0 leur retour, ont retrouv\u00e9 l&rsquo;essence de leur foyer.<br \/>Des agriculteurs, des techniciens, des ing\u00e9nieurs qui travaillent chaque jour pour pr\u00e9server et d\u00e9velopper les ressources naturelles, le biotop et la vie sauvage de leur r\u00e9gion, pour revitaliser l&rsquo;\u00e9conomie rurale et, ainsi, d\u00e9fendre les populations rurales et leurs traditions.<\/p>\n<\/div>\n\n<div class=\"wp-block-column is-layout-flow wp-block-column-is-layout-flow\">\n<figure class=\"wp-block-image size-large\"><img decoding=\"async\" width=\"683\" height=\"1024\" class=\"wp-image-36\" src=\"http:\/\/chassespagne.com\/wp-content\/uploads\/2022\/12\/IMGP6388-683x1024.jpg\" alt=\"\" srcset=\"https:\/\/chassespagne.com\/wp-content\/uploads\/2022\/12\/IMGP6388-683x1024.jpg 683w, https:\/\/chassespagne.com\/wp-content\/uploads\/2022\/12\/IMGP6388-200x300.jpg 200w, https:\/\/chassespagne.com\/wp-content\/uploads\/2022\/12\/IMGP6388-768x1152.jpg 768w, https:\/\/chassespagne.com\/wp-content\/uploads\/2022\/12\/IMGP6388-1024x1536.jpg 1024w, https:\/\/chassespagne.com\/wp-content\/uploads\/2022\/12\/IMGP6388-rotated.jpg 1216w\" sizes=\"(max-width: 683px) 100vw, 683px\" \/><\/figure>\n\n<p class=\"has-black-color has-text-color has-medium-font-size\">Notre philosophie<\/p>\n\n<p>De nos jours, le temps est cher et rare ! Le temps que nous consacrons \u00e0 nos passions est pr\u00e9cieux.<br \/>Lorsque vous prenez le temps de vous \u00e9loigner de vos activit\u00e9s habituelles pour aller \u00e0 la chasse, rien n&rsquo;est plus appr\u00e9ci\u00e9 que les bons moments, que le succ\u00e8s.<br \/>Nos clients veulent simplement passer un bon moment \u00e0 la chasse, et nous faisons tout ce que nous pouvons pour que cela se produise !<br \/>L&rsquo;organisation, le gibier, le confort, les repas, tout doit \u00eatre parfait ! Tout doit se terminer par des souvenirs inoubliables.<\/p>\n<\/div>\n\n<div class=\"wp-block-column is-layout-flow wp-block-column-is-layout-flow\">\n<figure class=\"wp-block-image size-large\"><img decoding=\"async\" width=\"1024\" height=\"682\" class=\"wp-image-33\" src=\"http:\/\/chassespagne.com\/wp-content\/uploads\/2022\/12\/ralengo_salon-1024x682.jpg\" alt=\"\" srcset=\"https:\/\/chassespagne.com\/wp-content\/uploads\/2022\/12\/ralengo_salon-1024x682.jpg 1024w, https:\/\/chassespagne.com\/wp-content\/uploads\/2022\/12\/ralengo_salon-300x200.jpg 300w, https:\/\/chassespagne.com\/wp-content\/uploads\/2022\/12\/ralengo_salon-768x512.jpg 768w, https:\/\/chassespagne.com\/wp-content\/uploads\/2022\/12\/ralengo_salon.jpg 1280w\" sizes=\"(max-width: 1024px) 100vw, 1024px\" \/><\/figure>\n\n<p class=\"has-black-color has-text-color has-medium-font-size\"><a href=\"#\">Services<\/a><\/p>\n\n<p class=\"has-black-color has-text-color\">Chez <strong>J&amp;J<\/strong>, nous sommes sp\u00e9cialis\u00e9s dans l&rsquo;organisation de la chasse et de l&rsquo;h\u00e9bergement, mais nous pouvons \u00e9galement vous proposer une large gamme de services touristiques tels que les excursions, les transferts et, aussi, la vente de produits locaux.<\/p>\n\n<p>Dans tous les cas, nos prestations sont r\u00e9gies par les principes suivants:<br \/>&#8211; Qualit\u00e9: r\u00e9pondre aux attentes et aux besoins des clients.<br \/>&#8211; Fiabilit\u00e9: une performance constante et fiable.<br \/>&#8211; Responsabilit\u00e9: respect des lois et r\u00e8glements en vigueur.<br \/>&#8211; Courtoisie: envers les clients et les autres parties prenantes.<br \/>&#8211; Adaptabilit\u00e9: s&rsquo;adapter aux besoins et aux exigences changeants des client.<br \/>&#8211; Transparence: communiquer clairement et honn\u00eatement sur les produits et services propos\u00e9s.<\/p>\n<\/div>\n<\/div>\n\n<div class=\"wp-block-spacer\" style=\"height: 100px;\" aria-hidden=\"true\">\u00a0<\/div>\n\t\t\t\t\t\t\t\t<\/div>\n\t\t\t\t\t<\/div>\n\t\t\t\t<\/div>\n\t\t\t\t<\/div>\n\t\t","protected":false},"excerpt":{"rendered":"<p>La Team Des chasseurs, \u00e9lev\u00e9s dans les meilleures traditions, qui ont accompagn\u00e9 leurs grands-parents, qui ont quitt\u00e9 le foyer familial pour aller \u00e9tudier et qui, \u00e0 leur retour, ont retrouv\u00e9 l&rsquo;essence de leur foyer.Des agriculteurs, des techniciens, des ing\u00e9nieurs qui travaillent chaque jour pour pr\u00e9server et d\u00e9velopper les ressources naturelles, le biotop et la vie &hellip; <\/p>\n<p class=\"link-more\"><a href=\"https:\/\/chassespagne.com\/index.php\/about\/\" class=\"more-link\">Lire la suite de<span class=\"screen-reader-text\">\u00ab\u00a0Des passionn\u00e9s, h\u00e9ritiers d&rsquo;un savoir-faire familial enrichi par plusieurs g\u00e9n\u00e9rations&#8230;\u00a0\u00bb<\/span><\/a><\/p>\n","protected":false},"author":1,"featured_media":0,"parent":0,"menu_order":0,"comment_status":"closed","ping_status":"closed","template":"","meta":{"footnotes":""},"class_list":["post-10","page","type-page","status-publish","hentry"],"yoast_head":"<!-- This site is optimized with the Yoast SEO plugin v25.7 - https:\/\/yoast.com\/wordpress\/plugins\/seo\/ -->\n<title>Des passionn\u00e9s, h\u00e9ritiers d&#039;un savoir-faire familial enrichi par plusieurs g\u00e9n\u00e9rations... - Chasse en Espagne<\/title>\n<meta name=\"robots\" content=\"index, follow, max-snippet:-1, max-image-preview:large, max-video-preview:-1\" \/>\n<link rel=\"canonical\" href=\"https:\/\/chassespagne.com\/index.php\/about\/\" \/>\n<meta property=\"og:locale\" content=\"fr_FR\" \/>\n<meta property=\"og:type\" content=\"article\" \/>\n<meta property=\"og:title\" content=\"Des passionn\u00e9s, h\u00e9ritiers d&#039;un savoir-faire familial enrichi par plusieurs g\u00e9n\u00e9rations... - Chasse en Espagne\" \/>\n<meta property=\"og:description\" content=\"La Team Des chasseurs, \u00e9lev\u00e9s dans les meilleures traditions, qui ont accompagn\u00e9 leurs grands-parents, qui ont quitt\u00e9 le foyer familial pour aller \u00e9tudier et qui, \u00e0 leur retour, ont retrouv\u00e9 l&rsquo;essence de leur foyer.Des agriculteurs, des techniciens, des ing\u00e9nieurs qui travaillent chaque jour pour pr\u00e9server et d\u00e9velopper les ressources naturelles, le biotop et la vie &hellip; Lire la suite de\u00ab\u00a0Des passionn\u00e9s, h\u00e9ritiers d&rsquo;un savoir-faire familial enrichi par plusieurs g\u00e9n\u00e9rations&#8230;\u00a0\u00bb\" \/>\n<meta property=\"og:url\" content=\"https:\/\/chassespagne.com\/index.php\/about\/\" \/>\n<meta property=\"og:site_name\" content=\"Chasse en Espagne\" \/>\n<meta property=\"article:modified_time\" content=\"2025-09-05T14:32:57+00:00\" \/>\n<meta property=\"og:image\" content=\"https:\/\/chassespagne.com\/wp-content\/uploads\/2022\/12\/cropped-logo_noir_bicolor_transparent-e1672667254917.png\" \/>\n\t<meta property=\"og:image:width\" content=\"512\" \/>\n\t<meta property=\"og:image:height\" content=\"449\" \/>\n\t<meta property=\"og:image:type\" content=\"image\/png\" \/>\n<meta name=\"twitter:card\" content=\"summary_large_image\" \/>\n<meta name=\"twitter:label1\" content=\"Dur\u00e9e de lecture estim\u00e9e\" \/>\n\t<meta name=\"twitter:data1\" content=\"1 minute\" \/>\n<script type=\"application\/ld+json\" class=\"yoast-schema-graph\">{\"@context\":\"https:\/\/schema.org\",\"@graph\":[{\"@type\":\"WebPage\",\"@id\":\"https:\/\/chassespagne.com\/index.php\/about\/\",\"url\":\"https:\/\/chassespagne.com\/index.php\/about\/\",\"name\":\"Des passionn\u00e9s, h\u00e9ritiers d'un savoir-faire familial enrichi par plusieurs g\u00e9n\u00e9rations... - Chasse en Espagne\",\"isPartOf\":{\"@id\":\"https:\/\/chassespagne.com\/#website\"},\"primaryImageOfPage\":{\"@id\":\"https:\/\/chassespagne.com\/index.php\/about\/#primaryimage\"},\"image\":{\"@id\":\"https:\/\/chassespagne.com\/index.php\/about\/#primaryimage\"},\"thumbnailUrl\":\"http:\/\/chassespagne.com\/wp-content\/uploads\/2022\/12\/cropped-logo_noir_bicolor_transparent-e1672667254917.png\",\"datePublished\":\"2022-12-30T14:24:45+00:00\",\"dateModified\":\"2025-09-05T14:32:57+00:00\",\"breadcrumb\":{\"@id\":\"https:\/\/chassespagne.com\/index.php\/about\/#breadcrumb\"},\"inLanguage\":\"fr-FR\",\"potentialAction\":[{\"@type\":\"ReadAction\",\"target\":[\"https:\/\/chassespagne.com\/index.php\/about\/\"]}]},{\"@type\":\"ImageObject\",\"inLanguage\":\"fr-FR\",\"@id\":\"https:\/\/chassespagne.com\/index.php\/about\/#primaryimage\",\"url\":\"https:\/\/chassespagne.com\/wp-content\/uploads\/2022\/12\/cropped-logo_noir_bicolor_transparent-e1672667254917.png\",\"contentUrl\":\"https:\/\/chassespagne.com\/wp-content\/uploads\/2022\/12\/cropped-logo_noir_bicolor_transparent-e1672667254917.png\",\"width\":512,\"height\":449},{\"@type\":\"BreadcrumbList\",\"@id\":\"https:\/\/chassespagne.com\/index.php\/about\/#breadcrumb\",\"itemListElement\":[{\"@type\":\"ListItem\",\"position\":1,\"name\":\"Accueil\",\"item\":\"https:\/\/chassespagne.com\/\"},{\"@type\":\"ListItem\",\"position\":2,\"name\":\"Des passionn\u00e9s, h\u00e9ritiers d&rsquo;un savoir-faire familial enrichi par plusieurs g\u00e9n\u00e9rations&#8230;\"}]},{\"@type\":\"WebSite\",\"@id\":\"https:\/\/chassespagne.com\/#website\",\"url\":\"https:\/\/chassespagne.com\/\",\"name\":\"J&J chasse en Espagne\",\"description\":\"LE ROYAUME DES PERDRIX ROUGES\",\"publisher\":{\"@id\":\"https:\/\/chassespagne.com\/#organization\"},\"alternateName\":\"chasse pedrix rouge\",\"potentialAction\":[{\"@type\":\"SearchAction\",\"target\":{\"@type\":\"EntryPoint\",\"urlTemplate\":\"https:\/\/chassespagne.com\/?s={search_term_string}\"},\"query-input\":{\"@type\":\"PropertyValueSpecification\",\"valueRequired\":true,\"valueName\":\"search_term_string\"}}],\"inLanguage\":\"fr-FR\"},{\"@type\":\"Organization\",\"@id\":\"https:\/\/chassespagne.com\/#organization\",\"name\":\"Jesus & Jesus Chasse en Espagne\",\"url\":\"https:\/\/chassespagne.com\/\",\"logo\":{\"@type\":\"ImageObject\",\"inLanguage\":\"fr-FR\",\"@id\":\"https:\/\/chassespagne.com\/#\/schema\/logo\/image\/\",\"url\":\"https:\/\/chassespagne.com\/wp-content\/uploads\/2023\/01\/logo_noir_bicolor_transparent_3cm.jpg\",\"contentUrl\":\"https:\/\/chassespagne.com\/wp-content\/uploads\/2023\/01\/logo_noir_bicolor_transparent_3cm.jpg\",\"width\":588,\"height\":600,\"caption\":\"Jesus & Jesus Chasse en Espagne\"},\"image\":{\"@id\":\"https:\/\/chassespagne.com\/#\/schema\/logo\/image\/\"}}]}<\/script>\n<!-- \/ Yoast SEO plugin. -->","yoast_head_json":{"title":"Des passionn\u00e9s, h\u00e9ritiers d'un savoir-faire familial enrichi par plusieurs g\u00e9n\u00e9rations... - Chasse en Espagne","robots":{"index":"index","follow":"follow","max-snippet":"max-snippet:-1","max-image-preview":"max-image-preview:large","max-video-preview":"max-video-preview:-1"},"canonical":"https:\/\/chassespagne.com\/index.php\/about\/","og_locale":"fr_FR","og_type":"article","og_title":"Des passionn\u00e9s, h\u00e9ritiers d'un savoir-faire familial enrichi par plusieurs g\u00e9n\u00e9rations... - Chasse en Espagne","og_description":"La Team Des chasseurs, \u00e9lev\u00e9s dans les meilleures traditions, qui ont accompagn\u00e9 leurs grands-parents, qui ont quitt\u00e9 le foyer familial pour aller \u00e9tudier et qui, \u00e0 leur retour, ont retrouv\u00e9 l&rsquo;essence de leur foyer.Des agriculteurs, des techniciens, des ing\u00e9nieurs qui travaillent chaque jour pour pr\u00e9server et d\u00e9velopper les ressources naturelles, le biotop et la vie &hellip; Lire la suite de\u00ab\u00a0Des passionn\u00e9s, h\u00e9ritiers d&rsquo;un savoir-faire familial enrichi par plusieurs g\u00e9n\u00e9rations&#8230;\u00a0\u00bb","og_url":"https:\/\/chassespagne.com\/index.php\/about\/","og_site_name":"Chasse en Espagne","article_modified_time":"2025-09-05T14:32:57+00:00","og_image":[{"width":512,"height":449,"url":"https:\/\/chassespagne.com\/wp-content\/uploads\/2022\/12\/cropped-logo_noir_bicolor_transparent-e1672667254917.png","type":"image\/png"}],"twitter_card":"summary_large_image","twitter_misc":{"Dur\u00e9e de lecture estim\u00e9e":"1 minute"},"schema":{"@context":"https:\/\/schema.org","@graph":[{"@type":"WebPage","@id":"https:\/\/chassespagne.com\/index.php\/about\/","url":"https:\/\/chassespagne.com\/index.php\/about\/","name":"Des passionn\u00e9s, h\u00e9ritiers d'un savoir-faire familial enrichi par plusieurs g\u00e9n\u00e9rations... - Chasse en Espagne","isPartOf":{"@id":"https:\/\/chassespagne.com\/#website"},"primaryImageOfPage":{"@id":"https:\/\/chassespagne.com\/index.php\/about\/#primaryimage"},"image":{"@id":"https:\/\/chassespagne.com\/index.php\/about\/#primaryimage"},"thumbnailUrl":"http:\/\/chassespagne.com\/wp-content\/uploads\/2022\/12\/cropped-logo_noir_bicolor_transparent-e1672667254917.png","datePublished":"2022-12-30T14:24:45+00:00","dateModified":"2025-09-05T14:32:57+00:00","breadcrumb":{"@id":"https:\/\/chassespagne.com\/index.php\/about\/#breadcrumb"},"inLanguage":"fr-FR","potentialAction":[{"@type":"ReadAction","target":["https:\/\/chassespagne.com\/index.php\/about\/"]}]},{"@type":"ImageObject","inLanguage":"fr-FR","@id":"https:\/\/chassespagne.com\/index.php\/about\/#primaryimage","url":"https:\/\/chassespagne.com\/wp-content\/uploads\/2022\/12\/cropped-logo_noir_bicolor_transparent-e1672667254917.png","contentUrl":"https:\/\/chassespagne.com\/wp-content\/uploads\/2022\/12\/cropped-logo_noir_bicolor_transparent-e1672667254917.png","width":512,"height":449},{"@type":"BreadcrumbList","@id":"https:\/\/chassespagne.com\/index.php\/about\/#breadcrumb","itemListElement":[{"@type":"ListItem","position":1,"name":"Accueil","item":"https:\/\/chassespagne.com\/"},{"@type":"ListItem","position":2,"name":"Des passionn\u00e9s, h\u00e9ritiers d&rsquo;un savoir-faire familial enrichi par plusieurs g\u00e9n\u00e9rations&#8230;"}]},{"@type":"WebSite","@id":"https:\/\/chassespagne.com\/#website","url":"https:\/\/chassespagne.com\/","name":"J&J chasse en Espagne","description":"LE ROYAUME DES PERDRIX ROUGES","publisher":{"@id":"https:\/\/chassespagne.com\/#organization"},"alternateName":"chasse pedrix rouge","potentialAction":[{"@type":"SearchAction","target":{"@type":"EntryPoint","urlTemplate":"https:\/\/chassespagne.com\/?s={search_term_string}"},"query-input":{"@type":"PropertyValueSpecification","valueRequired":true,"valueName":"search_term_string"}}],"inLanguage":"fr-FR"},{"@type":"Organization","@id":"https:\/\/chassespagne.com\/#organization","name":"Jesus & Jesus Chasse en Espagne","url":"https:\/\/chassespagne.com\/","logo":{"@type":"ImageObject","inLanguage":"fr-FR","@id":"https:\/\/chassespagne.com\/#\/schema\/logo\/image\/","url":"https:\/\/chassespagne.com\/wp-content\/uploads\/2023\/01\/logo_noir_bicolor_transparent_3cm.jpg","contentUrl":"https:\/\/chassespagne.com\/wp-content\/uploads\/2023\/01\/logo_noir_bicolor_transparent_3cm.jpg","width":588,"height":600,"caption":"Jesus & Jesus Chasse en Espagne"},"image":{"@id":"https:\/\/chassespagne.com\/#\/schema\/logo\/image\/"}}]}},"_links":{"self":[{"href":"https:\/\/chassespagne.com\/index.php\/wp-json\/wp\/v2\/pages\/10","targetHints":{"allow":["GET"]}}],"collection":[{"href":"https:\/\/chassespagne.com\/index.php\/wp-json\/wp\/v2\/pages"}],"about":[{"href":"https:\/\/chassespagne.com\/index.php\/wp-json\/wp\/v2\/types\/page"}],"author":[{"embeddable":true,"href":"https:\/\/chassespagne.com\/index.php\/wp-json\/wp\/v2\/users\/1"}],"replies":[{"embeddable":true,"href":"https:\/\/chassespagne.com\/index.php\/wp-json\/wp\/v2\/comments?post=10"}],"version-history":[{"count":17,"href":"https:\/\/chassespagne.com\/index.php\/wp-json\/wp\/v2\/pages\/10\/revisions"}],"predecessor-version":[{"id":185,"href":"https:\/\/chassespagne.com\/index.php\/wp-json\/wp\/v2\/pages\/10\/revisions\/185"}],"wp:attachment":[{"href":"https:\/\/chassespagne.com\/index.php\/wp-json\/wp\/v2\/media?parent=10"}],"curies":[{"name":"wp","href":"https:\/\/api.w.org\/{rel}","templated":true}]}}