{"id":11,"date":"2022-12-30T15:24:45","date_gmt":"2022-12-30T14:24:45","guid":{"rendered":"http:\/\/jjchasseroyal.com\/wordpress-6.1.1-fr_FR\/wordpress\/?page_id=8"},"modified":"2022-12-31T23:22:53","modified_gmt":"2022-12-31T22:22:53","slug":"contact","status":"publish","type":"page","link":"https:\/\/chassespagne.com\/index.php\/contact\/","title":{"rendered":"Contact"},"content":{"rendered":"\n<figure class=\"wp-block-image size-full is-resized is-style-default\"><img decoding=\"async\" src=\"http:\/\/chassespagne.com\/wp-content\/uploads\/2022\/12\/cropped-logo_noir_bicolor_transparent.png\" alt=\"\" class=\"wp-image-28\" width=\"147\" height=\"147\"\/><\/figure>\n\n\n\n<p>Cher chasseur,<br>nous nous ferons un plaisir de r\u00e9pondre \u00e0 votre message et, par la m\u00eame occasion, de vous envoyer nos diff\u00e9rents programmes de chasse devant soi, ainsi que les dates des lignes de tir pour les chasses en battue aux perdrix.<br>D&rsquo;ici l\u00e0, n&rsquo;h\u00e9sitez pas \u00e0 nous envoyer toutes vos questions.<\/p>\n\n\n\n<div class=\"wpcf7 no-js\" id=\"wpcf7-f48-o1\" lang=\"fr-FR\" dir=\"ltr\" data-wpcf7-id=\"48\">\n<div class=\"screen-reader-response\"><p role=\"status\" aria-live=\"polite\" aria-atomic=\"true\"><\/p> <ul><\/ul><\/div>\n<form action=\"\/index.php\/wp-json\/wp\/v2\/pages\/11#wpcf7-f48-o1\" method=\"post\" class=\"wpcf7-form init\" aria-label=\"Formulaire de contact\" novalidate=\"novalidate\" data-status=\"init\">\n<fieldset class=\"hidden-fields-container\"><input type=\"hidden\" name=\"_wpcf7\" value=\"48\" \/><input type=\"hidden\" name=\"_wpcf7_version\" value=\"6.1.4\" \/><input type=\"hidden\" name=\"_wpcf7_locale\" value=\"fr_FR\" \/><input type=\"hidden\" name=\"_wpcf7_unit_tag\" value=\"wpcf7-f48-o1\" \/><input type=\"hidden\" name=\"_wpcf7_container_post\" value=\"0\" \/><input type=\"hidden\" name=\"_wpcf7_posted_data_hash\" value=\"\" \/>\n<\/fieldset>\n<p><label> Votre nom<br \/>\n<span class=\"wpcf7-form-control-wrap\" data-name=\"your-name\"><input size=\"40\" maxlength=\"400\" class=\"wpcf7-form-control wpcf7-text wpcf7-validates-as-required\" autocomplete=\"name\" aria-required=\"true\" aria-invalid=\"false\" value=\"\" type=\"text\" name=\"your-name\" \/><\/span> <\/label>\n<\/p>\n<p><label> Votre e-mail<br \/>\n<span class=\"wpcf7-form-control-wrap\" data-name=\"your-email\"><input size=\"40\" maxlength=\"400\" class=\"wpcf7-form-control wpcf7-email wpcf7-validates-as-required wpcf7-text wpcf7-validates-as-email\" autocomplete=\"email\" aria-required=\"true\" aria-invalid=\"false\" value=\"\" type=\"email\" name=\"your-email\" \/><\/span> <\/label>\n<\/p>\n<p><label> Objet<br \/>\n<span class=\"wpcf7-form-control-wrap\" data-name=\"your-subject\"><input size=\"40\" maxlength=\"400\" class=\"wpcf7-form-control wpcf7-text wpcf7-validates-as-required\" aria-required=\"true\" aria-invalid=\"false\" value=\"\" type=\"text\" name=\"your-subject\" \/><\/span> <\/label>\n<\/p>\n<p><label> Votre message (facultatif)<br \/>\n<span class=\"wpcf7-form-control-wrap\" data-name=\"your-message\"><textarea cols=\"40\" rows=\"10\" maxlength=\"2000\" class=\"wpcf7-form-control wpcf7-textarea\" aria-invalid=\"false\" name=\"your-message\"><\/textarea><\/span> <\/label>\n<\/p>\n<p><input class=\"wpcf7-form-control wpcf7-submit has-spinner\" type=\"submit\" value=\"Envoyer\" \/>\n<\/p><p style=\"display: none !important;\" class=\"akismet-fields-container\" data-prefix=\"_wpcf7_ak_\"><label>&#916;<textarea name=\"_wpcf7_ak_hp_textarea\" cols=\"45\" rows=\"8\" maxlength=\"100\"><\/textarea><\/label><input type=\"hidden\" id=\"ak_js_1\" name=\"_wpcf7_ak_js\" value=\"150\"\/><script>document.getElementById( \"ak_js_1\" ).setAttribute( \"value\", ( new Date() ).getTime() );<\/script><\/p><div class=\"wpcf7-response-output\" aria-hidden=\"true\"><\/div>\n<\/form>\n<\/div>\n","protected":false},"excerpt":{"rendered":"<p>Cher chasseur,nous nous ferons un plaisir de r\u00e9pondre \u00e0 votre message et, par la m\u00eame occasion, de vous envoyer nos diff\u00e9rents programmes de chasse devant soi, ainsi que les dates des lignes de tir pour les chasses en battue aux perdrix.D&rsquo;ici l\u00e0, n&rsquo;h\u00e9sitez pas \u00e0 nous envoyer toutes vos questions.<\/p>\n","protected":false},"author":1,"featured_media":0,"parent":0,"menu_order":0,"comment_status":"closed","ping_status":"closed","template":"","meta":{"footnotes":""},"class_list":["post-11","page","type-page","status-publish","hentry"],"yoast_head":"<!-- This site is optimized with the Yoast SEO plugin v25.7 - https:\/\/yoast.com\/wordpress\/plugins\/seo\/ -->\n<title>Contact - Chasse en Espagne<\/title>\n<meta name=\"robots\" content=\"index, follow, max-snippet:-1, max-image-preview:large, max-video-preview:-1\" \/>\n<link rel=\"canonical\" href=\"https:\/\/chassespagne.com\/index.php\/contact\/\" \/>\n<meta property=\"og:locale\" content=\"fr_FR\" \/>\n<meta property=\"og:type\" content=\"article\" \/>\n<meta property=\"og:title\" content=\"Contact - Chasse en Espagne\" \/>\n<meta property=\"og:description\" content=\"Cher chasseur,nous nous ferons un plaisir de r\u00e9pondre \u00e0 votre message et, par la m\u00eame occasion, de vous envoyer nos diff\u00e9rents programmes de chasse devant soi, ainsi que les dates des lignes de tir pour les chasses en battue aux perdrix.D&rsquo;ici l\u00e0, n&rsquo;h\u00e9sitez pas \u00e0 nous envoyer toutes vos questions.\" \/>\n<meta property=\"og:url\" content=\"https:\/\/chassespagne.com\/index.php\/contact\/\" \/>\n<meta property=\"og:site_name\" content=\"Chasse en Espagne\" \/>\n<meta property=\"article:modified_time\" content=\"2022-12-31T22:22:53+00:00\" \/>\n<meta property=\"og:image\" content=\"http:\/\/chassespagne.com\/wp-content\/uploads\/2022\/12\/cropped-logo_noir_bicolor_transparent.png\" \/>\n<meta name=\"twitter:card\" content=\"summary_large_image\" \/>\n<meta name=\"twitter:label1\" content=\"Dur\u00e9e de lecture estim\u00e9e\" \/>\n\t<meta name=\"twitter:data1\" content=\"1 minute\" \/>\n<script type=\"application\/ld+json\" class=\"yoast-schema-graph\">{\"@context\":\"https:\/\/schema.org\",\"@graph\":[{\"@type\":\"WebPage\",\"@id\":\"https:\/\/chassespagne.com\/index.php\/contact\/\",\"url\":\"https:\/\/chassespagne.com\/index.php\/contact\/\",\"name\":\"Contact - Chasse en Espagne\",\"isPartOf\":{\"@id\":\"https:\/\/chassespagne.com\/#website\"},\"primaryImageOfPage\":{\"@id\":\"https:\/\/chassespagne.com\/index.php\/contact\/#primaryimage\"},\"image\":{\"@id\":\"https:\/\/chassespagne.com\/index.php\/contact\/#primaryimage\"},\"thumbnailUrl\":\"http:\/\/chassespagne.com\/wp-content\/uploads\/2022\/12\/cropped-logo_noir_bicolor_transparent.png\",\"datePublished\":\"2022-12-30T14:24:45+00:00\",\"dateModified\":\"2022-12-31T22:22:53+00:00\",\"breadcrumb\":{\"@id\":\"https:\/\/chassespagne.com\/index.php\/contact\/#breadcrumb\"},\"inLanguage\":\"fr-FR\",\"potentialAction\":[{\"@type\":\"ReadAction\",\"target\":[\"https:\/\/chassespagne.com\/index.php\/contact\/\"]}]},{\"@type\":\"ImageObject\",\"inLanguage\":\"fr-FR\",\"@id\":\"https:\/\/chassespagne.com\/index.php\/contact\/#primaryimage\",\"url\":\"http:\/\/chassespagne.com\/wp-content\/uploads\/2022\/12\/cropped-logo_noir_bicolor_transparent.png\",\"contentUrl\":\"http:\/\/chassespagne.com\/wp-content\/uploads\/2022\/12\/cropped-logo_noir_bicolor_transparent.png\"},{\"@type\":\"BreadcrumbList\",\"@id\":\"https:\/\/chassespagne.com\/index.php\/contact\/#breadcrumb\",\"itemListElement\":[{\"@type\":\"ListItem\",\"position\":1,\"name\":\"Accueil\",\"item\":\"https:\/\/chassespagne.com\/\"},{\"@type\":\"ListItem\",\"position\":2,\"name\":\"Contact\"}]},{\"@type\":\"WebSite\",\"@id\":\"https:\/\/chassespagne.com\/#website\",\"url\":\"https:\/\/chassespagne.com\/\",\"name\":\"J&J chasse en Espagne\",\"description\":\"LE ROYAUME DES PERDRIX ROUGES\",\"publisher\":{\"@id\":\"https:\/\/chassespagne.com\/#organization\"},\"alternateName\":\"chasse pedrix rouge\",\"potentialAction\":[{\"@type\":\"SearchAction\",\"target\":{\"@type\":\"EntryPoint\",\"urlTemplate\":\"https:\/\/chassespagne.com\/?s={search_term_string}\"},\"query-input\":{\"@type\":\"PropertyValueSpecification\",\"valueRequired\":true,\"valueName\":\"search_term_string\"}}],\"inLanguage\":\"fr-FR\"},{\"@type\":\"Organization\",\"@id\":\"https:\/\/chassespagne.com\/#organization\",\"name\":\"Jesus & Jesus Chasse en Espagne\",\"url\":\"https:\/\/chassespagne.com\/\",\"logo\":{\"@type\":\"ImageObject\",\"inLanguage\":\"fr-FR\",\"@id\":\"https:\/\/chassespagne.com\/#\/schema\/logo\/image\/\",\"url\":\"https:\/\/chassespagne.com\/wp-content\/uploads\/2023\/01\/logo_noir_bicolor_transparent_3cm.jpg\",\"contentUrl\":\"https:\/\/chassespagne.com\/wp-content\/uploads\/2023\/01\/logo_noir_bicolor_transparent_3cm.jpg\",\"width\":588,\"height\":600,\"caption\":\"Jesus & Jesus Chasse en Espagne\"},\"image\":{\"@id\":\"https:\/\/chassespagne.com\/#\/schema\/logo\/image\/\"}}]}<\/script>\n<!-- \/ Yoast SEO plugin. -->","yoast_head_json":{"title":"Contact - Chasse en Espagne","robots":{"index":"index","follow":"follow","max-snippet":"max-snippet:-1","max-image-preview":"max-image-preview:large","max-video-preview":"max-video-preview:-1"},"canonical":"https:\/\/chassespagne.com\/index.php\/contact\/","og_locale":"fr_FR","og_type":"article","og_title":"Contact - Chasse en Espagne","og_description":"Cher chasseur,nous nous ferons un plaisir de r\u00e9pondre \u00e0 votre message et, par la m\u00eame occasion, de vous envoyer nos diff\u00e9rents programmes de chasse devant soi, ainsi que les dates des lignes de tir pour les chasses en battue aux perdrix.D&rsquo;ici l\u00e0, n&rsquo;h\u00e9sitez pas \u00e0 nous envoyer toutes vos questions.","og_url":"https:\/\/chassespagne.com\/index.php\/contact\/","og_site_name":"Chasse en Espagne","article_modified_time":"2022-12-31T22:22:53+00:00","og_image":[{"url":"http:\/\/chassespagne.com\/wp-content\/uploads\/2022\/12\/cropped-logo_noir_bicolor_transparent.png","type":"","width":"","height":""}],"twitter_card":"summary_large_image","twitter_misc":{"Dur\u00e9e de lecture estim\u00e9e":"1 minute"},"schema":{"@context":"https:\/\/schema.org","@graph":[{"@type":"WebPage","@id":"https:\/\/chassespagne.com\/index.php\/contact\/","url":"https:\/\/chassespagne.com\/index.php\/contact\/","name":"Contact - Chasse en Espagne","isPartOf":{"@id":"https:\/\/chassespagne.com\/#website"},"primaryImageOfPage":{"@id":"https:\/\/chassespagne.com\/index.php\/contact\/#primaryimage"},"image":{"@id":"https:\/\/chassespagne.com\/index.php\/contact\/#primaryimage"},"thumbnailUrl":"http:\/\/chassespagne.com\/wp-content\/uploads\/2022\/12\/cropped-logo_noir_bicolor_transparent.png","datePublished":"2022-12-30T14:24:45+00:00","dateModified":"2022-12-31T22:22:53+00:00","breadcrumb":{"@id":"https:\/\/chassespagne.com\/index.php\/contact\/#breadcrumb"},"inLanguage":"fr-FR","potentialAction":[{"@type":"ReadAction","target":["https:\/\/chassespagne.com\/index.php\/contact\/"]}]},{"@type":"ImageObject","inLanguage":"fr-FR","@id":"https:\/\/chassespagne.com\/index.php\/contact\/#primaryimage","url":"http:\/\/chassespagne.com\/wp-content\/uploads\/2022\/12\/cropped-logo_noir_bicolor_transparent.png","contentUrl":"http:\/\/chassespagne.com\/wp-content\/uploads\/2022\/12\/cropped-logo_noir_bicolor_transparent.png"},{"@type":"BreadcrumbList","@id":"https:\/\/chassespagne.com\/index.php\/contact\/#breadcrumb","itemListElement":[{"@type":"ListItem","position":1,"name":"Accueil","item":"https:\/\/chassespagne.com\/"},{"@type":"ListItem","position":2,"name":"Contact"}]},{"@type":"WebSite","@id":"https:\/\/chassespagne.com\/#website","url":"https:\/\/chassespagne.com\/","name":"J&J chasse en Espagne","description":"LE ROYAUME DES PERDRIX ROUGES","publisher":{"@id":"https:\/\/chassespagne.com\/#organization"},"alternateName":"chasse pedrix rouge","potentialAction":[{"@type":"SearchAction","target":{"@type":"EntryPoint","urlTemplate":"https:\/\/chassespagne.com\/?s={search_term_string}"},"query-input":{"@type":"PropertyValueSpecification","valueRequired":true,"valueName":"search_term_string"}}],"inLanguage":"fr-FR"},{"@type":"Organization","@id":"https:\/\/chassespagne.com\/#organization","name":"Jesus & Jesus Chasse en Espagne","url":"https:\/\/chassespagne.com\/","logo":{"@type":"ImageObject","inLanguage":"fr-FR","@id":"https:\/\/chassespagne.com\/#\/schema\/logo\/image\/","url":"https:\/\/chassespagne.com\/wp-content\/uploads\/2023\/01\/logo_noir_bicolor_transparent_3cm.jpg","contentUrl":"https:\/\/chassespagne.com\/wp-content\/uploads\/2023\/01\/logo_noir_bicolor_transparent_3cm.jpg","width":588,"height":600,"caption":"Jesus & Jesus Chasse en Espagne"},"image":{"@id":"https:\/\/chassespagne.com\/#\/schema\/logo\/image\/"}}]}},"_links":{"self":[{"href":"https:\/\/chassespagne.com\/index.php\/wp-json\/wp\/v2\/pages\/11","targetHints":{"allow":["GET"]}}],"collection":[{"href":"https:\/\/chassespagne.com\/index.php\/wp-json\/wp\/v2\/pages"}],"about":[{"href":"https:\/\/chassespagne.com\/index.php\/wp-json\/wp\/v2\/types\/page"}],"author":[{"embeddable":true,"href":"https:\/\/chassespagne.com\/index.php\/wp-json\/wp\/v2\/users\/1"}],"replies":[{"embeddable":true,"href":"https:\/\/chassespagne.com\/index.php\/wp-json\/wp\/v2\/comments?post=11"}],"version-history":[{"count":3,"href":"https:\/\/chassespagne.com\/index.php\/wp-json\/wp\/v2\/pages\/11\/revisions"}],"predecessor-version":[{"id":87,"href":"https:\/\/chassespagne.com\/index.php\/wp-json\/wp\/v2\/pages\/11\/revisions\/87"}],"wp:attachment":[{"href":"https:\/\/chassespagne.com\/index.php\/wp-json\/wp\/v2\/media?parent=11"}],"curies":[{"name":"wp","href":"https:\/\/api.w.org\/{rel}","templated":true}]}}