{"id":9,"date":"2022-12-30T15:24:45","date_gmt":"2022-12-30T14:24:45","guid":{"rendered":"http:\/\/jjchasseroyal.com\/wordpress-6.1.1-fr_FR\/wordpress\/?page_id=6"},"modified":"2023-01-22T13:20:28","modified_gmt":"2023-01-22T12:20:28","slug":"chasse-pedreux-espagne","status":"publish","type":"page","link":"https:\/\/chassespagne.com\/","title":{"rendered":"Des paysages magnifiques pour des arr\u00eats exceptionnels!"},"content":{"rendered":"\n<h1 class=\"has-text-align-center wp-block-heading\">La population de perdrix coriaces est telle que les chiens fixent rapidement leurs gestes et r\u00e9flexes pour devenir des compagnons extraordinaires, braves et performants.<\/h1>\n\n\n\n<div class=\"wp-block-columns alignfull are-vertically-aligned-center is-layout-flex wp-container-core-columns-is-layout-28f84493 wp-block-columns-is-layout-flex\">\n<div class=\"wp-block-column is-vertically-aligned-center is-layout-flow wp-block-column-is-layout-flow\" style=\"flex-basis:100%\">\n<figure class=\"wp-block-image aligncenter size-large\"><img fetchpriority=\"high\" decoding=\"async\" width=\"1024\" height=\"768\" src=\"http:\/\/chassespagne.com\/wp-content\/uploads\/2022\/12\/patron-de-dos-pointer-1024x768.jpg\" alt=\"\" class=\"wp-image-19\" srcset=\"https:\/\/chassespagne.com\/wp-content\/uploads\/2022\/12\/patron-de-dos-pointer-1024x768.jpg 1024w, https:\/\/chassespagne.com\/wp-content\/uploads\/2022\/12\/patron-de-dos-pointer-300x225.jpg 300w, https:\/\/chassespagne.com\/wp-content\/uploads\/2022\/12\/patron-de-dos-pointer-768x576.jpg 768w, https:\/\/chassespagne.com\/wp-content\/uploads\/2022\/12\/patron-de-dos-pointer-1536x1152.jpg 1536w, https:\/\/chassespagne.com\/wp-content\/uploads\/2022\/12\/patron-de-dos-pointer-2000x1500.jpg 2000w, https:\/\/chassespagne.com\/wp-content\/uploads\/2022\/12\/patron-de-dos-pointer.jpg 2048w\" sizes=\"(max-width: 1024px) 100vw, 1024px\" \/><\/figure>\n<\/div>\n<\/div>\n\n\n\n<p>Apr\u00e8s le comptage des juv\u00e9niles, \u00e0 la fin du mois de juin, nos territoires sont contr\u00f4l\u00e9s quotidiennement.  La pr\u00e9sence de pr\u00e9dateurs est surveill\u00e9e et r\u00e9gul\u00e9e si n\u00e9cessaire.<br>Un maximum de 6 chasseurs par jour est accueilli pendant 22 semaines durant la saison de chasse.<br><br>En tant que  chasse commercial \u00e0 l&rsquo;arriv\u00e9e de chaque groupe de chasseurs  la population de gibier est renforc\u00e9 par des individus s\u00e9lectionn\u00e9s \u00e0 raison de 12  perdrix par fusil par jour de chasse programm\u00e9.<br>Les perdrix destin\u00e9es au repeuplement proviennent des \u00e9levages les plus r\u00e9put\u00e9s d&rsquo;Espagne.<\/p>\n\n\n\n<p class=\"has-text-align-left\">l&rsquo;Espagne est une destination de choix pour la chasse devant soi, gr\u00e2ce \u00e0 son exp\u00e9rience importante en mati\u00e8re de gestion intensive du gibier, \u00e0 sa g\u00e9ographie et \u00e0 son biotop, ainsi qu&rsquo;\u00e0 sa diversit\u00e9 de gibier et de paysages de chasse.<\/p>\n\n\n\n<p>En ce qui concerne les statistiques, il est int\u00e9ressant de noter que l&rsquo;Espagne est le deuxi\u00e8me plus grand producteur de perdrix rouges d&rsquo;Europe, avec plus de 10 millions de perdrix produites chaque ann\u00e9e. Cela en fait une destination de choix pour les chasseurs qui veulent de tirer le meilleur parti de leurs chiens et de profiter pleinement des vertus de leurs fid\u00e8les compagnons.<\/p>\n\n\n\n<p>En outre, l&rsquo;Espagne offre \u00e9galement de nombreuses opportunit\u00e9s de chasse \u00e0 d&rsquo;autres esp\u00e8ces telles que les li\u00e8vres et les becases. <\/p>\n\n\n\n<div class=\"wp-block-group alignfull has-background is-layout-flow wp-block-group-is-layout-flow\" style=\"background-color:#e5e9ec\">\n<div class=\"wp-block-columns is-layout-flex wp-container-core-columns-is-layout-28f84493 wp-block-columns-is-layout-flex\">\n<div class=\"wp-block-column is-vertically-aligned-center is-layout-flow wp-block-column-is-layout-flow\">\n<h2 class=\"wp-block-heading\">Venez rencontrer&#8230;<\/h2>\n\n\n\n<p>des passionn\u00e9s, h\u00e9ritiers d&rsquo;un savoir-faire familial enrichi par plusieurs g\u00e9n\u00e9rations&#8230;<\/p>\n\n\n\n<div class=\"wp-block-buttons is-horizontal is-content-justification-left is-layout-flex wp-container-core-buttons-is-layout-20be11b6 wp-block-buttons-is-layout-flex\">\n<div class=\"wp-block-button is-style-outline is-style-outline--1\"><a class=\"wp-block-button__link wp-element-button\" href=\"#\">Dans le pays aragonais<\/a><\/div>\n<\/div>\n\n\n\n<p><\/p>\n<\/div>\n\n\n\n<div class=\"wp-block-column is-layout-flow wp-block-column-is-layout-flow\">\n<figure class=\"wp-block-image size-full\"><img decoding=\"async\" width=\"773\" height=\"960\" src=\"http:\/\/chassespagne.com\/wp-content\/uploads\/2022\/12\/cobro.jpg\" alt=\"\" class=\"wp-image-17\" srcset=\"https:\/\/chassespagne.com\/wp-content\/uploads\/2022\/12\/cobro.jpg 773w, https:\/\/chassespagne.com\/wp-content\/uploads\/2022\/12\/cobro-242x300.jpg 242w, https:\/\/chassespagne.com\/wp-content\/uploads\/2022\/12\/cobro-768x954.jpg 768w\" sizes=\"(max-width: 773px) 100vw, 773px\" \/><\/figure>\n<\/div>\n<\/div>\n<\/div>\n\n\n\n<div class=\"wp-block-group alignfull is-layout-flow wp-block-group-is-layout-flow\">\n<div class=\"wp-block-columns are-vertically-aligned-center is-layout-flex wp-container-core-columns-is-layout-28f84493 wp-block-columns-is-layout-flex\">\n<div class=\"wp-block-column is-vertically-aligned-center is-layout-flow wp-block-column-is-layout-flow\">\n<div style=\"height:48px\" aria-hidden=\"true\" class=\"wp-block-spacer\"><\/div>\n\n\n\n<figure class=\"wp-block-image size-large\"><img decoding=\"async\" width=\"1024\" height=\"680\" src=\"http:\/\/chassespagne.com\/wp-content\/uploads\/2022\/12\/perdices-1024x680.jpg\" alt=\"\" class=\"wp-image-20\" srcset=\"https:\/\/chassespagne.com\/wp-content\/uploads\/2022\/12\/perdices-1024x680.jpg 1024w, https:\/\/chassespagne.com\/wp-content\/uploads\/2022\/12\/perdices-300x199.jpg 300w, https:\/\/chassespagne.com\/wp-content\/uploads\/2022\/12\/perdices-768x510.jpg 768w, https:\/\/chassespagne.com\/wp-content\/uploads\/2022\/12\/perdices.jpg 1080w\" sizes=\"(max-width: 1024px) 100vw, 1024px\" \/><\/figure>\n<\/div>\n\n\n\n<div class=\"wp-block-column is-vertically-aligned-center is-layout-flow wp-block-column-is-layout-flow\">\n<h2 class=\"wp-block-heading\">NOS FONDEMENTS<\/h2>\n\n\n\n<p>La Perdrix rouge a colonis\u00e9 pendant des si\u00e8cles les cistes, les alfa, les buissons, les vignobles et les terres agricoles de nos contr\u00e9es. Ils ont r\u00e9ussi \u00e0 surmonter les pr\u00e9dateurs, le d\u00e9veloppement et m\u00eame la b\u00eatise.<br>Aujourd&rsquo;hui, nous leur donnons les moyens de perdurer, de continuer leur existence sauvage. Nous sommes leurs complices. Nous contribuons \u00e0 leur p\u00e9rennit\u00e9 g\u00e9n\u00e9tique, r\u00e9gulons la pr\u00e9dation et faisons de la chasse une activit\u00e9 agricole \u00e9conomiquement durable.<\/p>\n<\/div>\n<\/div>\n<\/div>\n\n\n\n<div class=\"wp-block-group alignfull has-black-background-color has-background is-layout-flow wp-block-group-is-layout-flow\">\n<h2 class=\"has-text-align-center has-white-color has-text-color wp-block-heading\"><strong>Gallery<\/strong><\/h2>\n\n\n\n<figure class=\"wp-block-gallery aligncenter has-nested-images columns-default is-cropped wp-block-gallery-2 is-layout-flex wp-block-gallery-is-layout-flex\">\n<figure class=\"wp-block-image size-full\"><img loading=\"lazy\" decoding=\"async\" width=\"682\" height=\"1024\" data-id=\"34\" src=\"http:\/\/chassespagne.com\/wp-content\/uploads\/2022\/12\/ralengo1.jpg\" alt=\"\" class=\"wp-image-34\" srcset=\"https:\/\/chassespagne.com\/wp-content\/uploads\/2022\/12\/ralengo1.jpg 682w, https:\/\/chassespagne.com\/wp-content\/uploads\/2022\/12\/ralengo1-200x300.jpg 200w\" sizes=\"(max-width: 682px) 100vw, 682px\" \/><\/figure>\n\n\n\n<figure class=\"wp-block-image size-large\"><img loading=\"lazy\" decoding=\"async\" width=\"567\" height=\"1260\" data-id=\"96\" src=\"https:\/\/chassespagne.com\/wp-content\/uploads\/2023\/01\/tableau-e1672529762879-edited.jpg\" alt=\"\" class=\"wp-image-96\" srcset=\"https:\/\/chassespagne.com\/wp-content\/uploads\/2023\/01\/tableau-e1672529762879-edited.jpg 567w, https:\/\/chassespagne.com\/wp-content\/uploads\/2023\/01\/tableau-e1672529762879-edited-135x300.jpg 135w, https:\/\/chassespagne.com\/wp-content\/uploads\/2023\/01\/tableau-e1672529762879-edited-461x1024.jpg 461w\" sizes=\"(max-width: 567px) 100vw, 567px\" \/><\/figure>\n\n\n\n<figure class=\"wp-block-image size-large\"><img loading=\"lazy\" decoding=\"async\" width=\"1024\" height=\"683\" data-id=\"35\" src=\"http:\/\/chassespagne.com\/wp-content\/uploads\/2022\/12\/IMGP6385-1024x683.jpg\" alt=\"\" class=\"wp-image-35\" srcset=\"https:\/\/chassespagne.com\/wp-content\/uploads\/2022\/12\/IMGP6385-1024x683.jpg 1024w, https:\/\/chassespagne.com\/wp-content\/uploads\/2022\/12\/IMGP6385-300x200.jpg 300w, https:\/\/chassespagne.com\/wp-content\/uploads\/2022\/12\/IMGP6385-768x512.jpg 768w, https:\/\/chassespagne.com\/wp-content\/uploads\/2022\/12\/IMGP6385-1536x1024.jpg 1536w, https:\/\/chassespagne.com\/wp-content\/uploads\/2022\/12\/IMGP6385.jpg 1824w\" sizes=\"(max-width: 1024px) 100vw, 1024px\" \/><\/figure>\n\n\n\n<figure class=\"wp-block-image size-large\"><img loading=\"lazy\" decoding=\"async\" width=\"1024\" height=\"683\" data-id=\"69\" src=\"http:\/\/chassespagne.com\/wp-content\/uploads\/2022\/12\/IMGP6313-1024x683.jpg\" alt=\"\" class=\"wp-image-69\" srcset=\"https:\/\/chassespagne.com\/wp-content\/uploads\/2022\/12\/IMGP6313-1024x683.jpg 1024w, https:\/\/chassespagne.com\/wp-content\/uploads\/2022\/12\/IMGP6313-300x200.jpg 300w, https:\/\/chassespagne.com\/wp-content\/uploads\/2022\/12\/IMGP6313-768x512.jpg 768w, https:\/\/chassespagne.com\/wp-content\/uploads\/2022\/12\/IMGP6313-1536x1024.jpg 1536w, https:\/\/chassespagne.com\/wp-content\/uploads\/2022\/12\/IMGP6313.jpg 1824w\" sizes=\"(max-width: 1024px) 100vw, 1024px\" \/><\/figure>\n\n\n\n<figure class=\"wp-block-image size-large\"><img loading=\"lazy\" decoding=\"async\" width=\"1024\" height=\"683\" data-id=\"70\" src=\"http:\/\/chassespagne.com\/wp-content\/uploads\/2022\/12\/IMGP6343-1024x683.jpg\" alt=\"\" class=\"wp-image-70\" srcset=\"https:\/\/chassespagne.com\/wp-content\/uploads\/2022\/12\/IMGP6343-1024x683.jpg 1024w, https:\/\/chassespagne.com\/wp-content\/uploads\/2022\/12\/IMGP6343-300x200.jpg 300w, https:\/\/chassespagne.com\/wp-content\/uploads\/2022\/12\/IMGP6343-768x512.jpg 768w, https:\/\/chassespagne.com\/wp-content\/uploads\/2022\/12\/IMGP6343-1536x1024.jpg 1536w, https:\/\/chassespagne.com\/wp-content\/uploads\/2022\/12\/IMGP6343.jpg 1824w\" sizes=\"(max-width: 1024px) 100vw, 1024px\" \/><\/figure>\n\n\n\n<figure class=\"wp-block-image size-full\"><img loading=\"lazy\" decoding=\"async\" width=\"820\" height=\"547\" data-id=\"21\" src=\"http:\/\/chassespagne.com\/wp-content\/uploads\/2022\/12\/pointer.jpg\" alt=\"\" class=\"wp-image-21\" srcset=\"https:\/\/chassespagne.com\/wp-content\/uploads\/2022\/12\/pointer.jpg 820w, https:\/\/chassespagne.com\/wp-content\/uploads\/2022\/12\/pointer-300x200.jpg 300w, https:\/\/chassespagne.com\/wp-content\/uploads\/2022\/12\/pointer-768x512.jpg 768w\" sizes=\"(max-width: 820px) 100vw, 820px\" \/><\/figure>\n<\/figure>\n<\/div>\n\n\n\n<div class=\"wp-block-cover alignfull is-position-center-center\" style=\"min-height:375px;aspect-ratio:unset;\"><span aria-hidden=\"true\" class=\"wp-block-cover__background has-black-background-color has-background-dim-40 has-background-dim\"><\/span><img loading=\"lazy\" decoding=\"async\" width=\"1824\" height=\"1216\" class=\"wp-block-cover__image-background wp-image-32\" alt=\"\" src=\"http:\/\/chassespagne.com\/wp-content\/uploads\/2022\/12\/IMGP6386.jpg\" data-object-fit=\"cover\" srcset=\"https:\/\/chassespagne.com\/wp-content\/uploads\/2022\/12\/IMGP6386.jpg 1824w, https:\/\/chassespagne.com\/wp-content\/uploads\/2022\/12\/IMGP6386-300x200.jpg 300w, https:\/\/chassespagne.com\/wp-content\/uploads\/2022\/12\/IMGP6386-1024x683.jpg 1024w, https:\/\/chassespagne.com\/wp-content\/uploads\/2022\/12\/IMGP6386-768x512.jpg 768w, https:\/\/chassespagne.com\/wp-content\/uploads\/2022\/12\/IMGP6386-1536x1024.jpg 1536w\" sizes=\"(max-width: 1824px) 100vw, 1824px\" \/><div class=\"wp-block-cover__inner-container is-layout-flow wp-block-cover-is-layout-flow\">\n<p class=\"has-text-align-center has-text-color has-huge-font-size\" style=\"color:#fffffa;line-height:1.1\"><strong>3 nuits et 2 jours de chasse<\/strong> a partir de <strong>800 \u20ac<\/strong><\/p>\n\n\n\n<p class=\"has-text-align-center has-medium-font-size\">D&rsquo;autres formules sont \u00e9galement possibles<\/p>\n\n\n\n<div class=\"wp-block-buttons is-horizontal is-content-justification-center is-layout-flex wp-container-core-buttons-is-layout-03627597 wp-block-buttons-is-layout-flex\">\n<div class=\"wp-block-button is-style-outline is-style-outline--3\"><a class=\"wp-block-button__link has-white-color has-text-color wp-element-button\" href=\"https:\/\/chassespagne.com\/index.php\/contact\/\">n&rsquo;h\u00e9sitez pas \u00e0 nous contacter<\/a><\/div>\n<\/div>\n<\/div><\/div>\n","protected":false},"excerpt":{"rendered":"<p>La population de perdrix coriaces est telle que les chiens fixent rapidement leurs gestes et r\u00e9flexes pour devenir des compagnons extraordinaires, braves et performants. Apr\u00e8s le comptage des juv\u00e9niles, \u00e0 la fin du mois de juin, nos territoires sont contr\u00f4l\u00e9s quotidiennement. La pr\u00e9sence de pr\u00e9dateurs est surveill\u00e9e et r\u00e9gul\u00e9e si n\u00e9cessaire.Un maximum de 6 chasseurs &hellip; <\/p>\n<p class=\"link-more\"><a href=\"https:\/\/chassespagne.com\/\" class=\"more-link\">Lire la suite de<span class=\"screen-reader-text\">\u00ab\u00a0Des paysages magnifiques pour des arr\u00eats exceptionnels!\u00a0\u00bb<\/span><\/a><\/p>\n","protected":false},"author":1,"featured_media":13,"parent":0,"menu_order":0,"comment_status":"closed","ping_status":"closed","template":"","meta":{"footnotes":""},"class_list":["post-9","page","type-page","status-publish","has-post-thumbnail","hentry"],"yoast_head":"<!-- This site is optimized with the Yoast SEO plugin v25.7 - https:\/\/yoast.com\/wordpress\/plugins\/seo\/ -->\n<title>Des paysages magnifiques pour des arr\u00eats exceptionnels! - Chasse en Espagne<\/title>\n<meta name=\"description\" content=\"chasse avec de chien d&#039;arret en Espagne\" \/>\n<meta name=\"robots\" content=\"index, follow, max-snippet:-1, max-image-preview:large, max-video-preview:-1\" \/>\n<link rel=\"canonical\" href=\"https:\/\/chassespagne.com\/\" \/>\n<meta property=\"og:locale\" content=\"fr_FR\" \/>\n<meta property=\"og:type\" content=\"article\" \/>\n<meta property=\"og:title\" content=\"Des paysages magnifiques pour des arr\u00eats exceptionnels! - Chasse en Espagne\" \/>\n<meta property=\"og:description\" content=\"chasse avec de chien d&#039;arret en Espagne\" \/>\n<meta property=\"og:url\" content=\"https:\/\/chassespagne.com\/\" \/>\n<meta property=\"og:site_name\" content=\"Chasse en Espagne\" \/>\n<meta property=\"article:modified_time\" content=\"2023-01-22T12:20:28+00:00\" \/>\n<meta name=\"twitter:card\" content=\"summary_large_image\" \/>\n<meta name=\"twitter:label1\" content=\"Dur\u00e9e de lecture estim\u00e9e\" \/>\n\t<meta name=\"twitter:data1\" content=\"4 minutes\" \/>\n<script type=\"application\/ld+json\" class=\"yoast-schema-graph\">{\"@context\":\"https:\/\/schema.org\",\"@graph\":[{\"@type\":\"WebPage\",\"@id\":\"https:\/\/chassespagne.com\/\",\"url\":\"https:\/\/chassespagne.com\/\",\"name\":\"Des paysages magnifiques pour des arr\u00eats exceptionnels! - Chasse en Espagne\",\"isPartOf\":{\"@id\":\"https:\/\/chassespagne.com\/#website\"},\"primaryImageOfPage\":{\"@id\":\"https:\/\/chassespagne.com\/#primaryimage\"},\"image\":{\"@id\":\"https:\/\/chassespagne.com\/#primaryimage\"},\"thumbnailUrl\":\"\",\"datePublished\":\"2022-12-30T14:24:45+00:00\",\"dateModified\":\"2023-01-22T12:20:28+00:00\",\"description\":\"chasse avec de chien d'arret en Espagne\",\"breadcrumb\":{\"@id\":\"https:\/\/chassespagne.com\/#breadcrumb\"},\"inLanguage\":\"fr-FR\",\"potentialAction\":[{\"@type\":\"ReadAction\",\"target\":[\"https:\/\/chassespagne.com\/\"]}]},{\"@type\":\"ImageObject\",\"inLanguage\":\"fr-FR\",\"@id\":\"https:\/\/chassespagne.com\/#primaryimage\",\"url\":\"\",\"contentUrl\":\"\"},{\"@type\":\"BreadcrumbList\",\"@id\":\"https:\/\/chassespagne.com\/#breadcrumb\",\"itemListElement\":[{\"@type\":\"ListItem\",\"position\":1,\"name\":\"Accueil\",\"item\":\"https:\/\/chassespagne.com\/\"},{\"@type\":\"ListItem\",\"position\":2,\"name\":\"Des paysages magnifiques pour des arr\u00eats exceptionnels!\"}]},{\"@type\":\"WebSite\",\"@id\":\"https:\/\/chassespagne.com\/#website\",\"url\":\"https:\/\/chassespagne.com\/\",\"name\":\"J&J chasse en Espagne\",\"description\":\"LE ROYAUME DES PERDRIX ROUGES\",\"publisher\":{\"@id\":\"https:\/\/chassespagne.com\/#organization\"},\"alternateName\":\"chasse pedrix rouge\",\"potentialAction\":[{\"@type\":\"SearchAction\",\"target\":{\"@type\":\"EntryPoint\",\"urlTemplate\":\"https:\/\/chassespagne.com\/?s={search_term_string}\"},\"query-input\":{\"@type\":\"PropertyValueSpecification\",\"valueRequired\":true,\"valueName\":\"search_term_string\"}}],\"inLanguage\":\"fr-FR\"},{\"@type\":\"Organization\",\"@id\":\"https:\/\/chassespagne.com\/#organization\",\"name\":\"Jesus & Jesus Chasse en Espagne\",\"url\":\"https:\/\/chassespagne.com\/\",\"logo\":{\"@type\":\"ImageObject\",\"inLanguage\":\"fr-FR\",\"@id\":\"https:\/\/chassespagne.com\/#\/schema\/logo\/image\/\",\"url\":\"https:\/\/chassespagne.com\/wp-content\/uploads\/2023\/01\/logo_noir_bicolor_transparent_3cm.jpg\",\"contentUrl\":\"https:\/\/chassespagne.com\/wp-content\/uploads\/2023\/01\/logo_noir_bicolor_transparent_3cm.jpg\",\"width\":588,\"height\":600,\"caption\":\"Jesus & Jesus Chasse en Espagne\"},\"image\":{\"@id\":\"https:\/\/chassespagne.com\/#\/schema\/logo\/image\/\"}}]}<\/script>\n<!-- \/ Yoast SEO plugin. -->","yoast_head_json":{"title":"Des paysages magnifiques pour des arr\u00eats exceptionnels! - Chasse en Espagne","description":"chasse avec de chien d'arret en Espagne","robots":{"index":"index","follow":"follow","max-snippet":"max-snippet:-1","max-image-preview":"max-image-preview:large","max-video-preview":"max-video-preview:-1"},"canonical":"https:\/\/chassespagne.com\/","og_locale":"fr_FR","og_type":"article","og_title":"Des paysages magnifiques pour des arr\u00eats exceptionnels! - Chasse en Espagne","og_description":"chasse avec de chien d'arret en Espagne","og_url":"https:\/\/chassespagne.com\/","og_site_name":"Chasse en Espagne","article_modified_time":"2023-01-22T12:20:28+00:00","twitter_card":"summary_large_image","twitter_misc":{"Dur\u00e9e de lecture estim\u00e9e":"4 minutes"},"schema":{"@context":"https:\/\/schema.org","@graph":[{"@type":"WebPage","@id":"https:\/\/chassespagne.com\/","url":"https:\/\/chassespagne.com\/","name":"Des paysages magnifiques pour des arr\u00eats exceptionnels! - Chasse en Espagne","isPartOf":{"@id":"https:\/\/chassespagne.com\/#website"},"primaryImageOfPage":{"@id":"https:\/\/chassespagne.com\/#primaryimage"},"image":{"@id":"https:\/\/chassespagne.com\/#primaryimage"},"thumbnailUrl":"","datePublished":"2022-12-30T14:24:45+00:00","dateModified":"2023-01-22T12:20:28+00:00","description":"chasse avec de chien d'arret en Espagne","breadcrumb":{"@id":"https:\/\/chassespagne.com\/#breadcrumb"},"inLanguage":"fr-FR","potentialAction":[{"@type":"ReadAction","target":["https:\/\/chassespagne.com\/"]}]},{"@type":"ImageObject","inLanguage":"fr-FR","@id":"https:\/\/chassespagne.com\/#primaryimage","url":"","contentUrl":""},{"@type":"BreadcrumbList","@id":"https:\/\/chassespagne.com\/#breadcrumb","itemListElement":[{"@type":"ListItem","position":1,"name":"Accueil","item":"https:\/\/chassespagne.com\/"},{"@type":"ListItem","position":2,"name":"Des paysages magnifiques pour des arr\u00eats exceptionnels!"}]},{"@type":"WebSite","@id":"https:\/\/chassespagne.com\/#website","url":"https:\/\/chassespagne.com\/","name":"J&J chasse en Espagne","description":"LE ROYAUME DES PERDRIX ROUGES","publisher":{"@id":"https:\/\/chassespagne.com\/#organization"},"alternateName":"chasse pedrix rouge","potentialAction":[{"@type":"SearchAction","target":{"@type":"EntryPoint","urlTemplate":"https:\/\/chassespagne.com\/?s={search_term_string}"},"query-input":{"@type":"PropertyValueSpecification","valueRequired":true,"valueName":"search_term_string"}}],"inLanguage":"fr-FR"},{"@type":"Organization","@id":"https:\/\/chassespagne.com\/#organization","name":"Jesus & Jesus Chasse en Espagne","url":"https:\/\/chassespagne.com\/","logo":{"@type":"ImageObject","inLanguage":"fr-FR","@id":"https:\/\/chassespagne.com\/#\/schema\/logo\/image\/","url":"https:\/\/chassespagne.com\/wp-content\/uploads\/2023\/01\/logo_noir_bicolor_transparent_3cm.jpg","contentUrl":"https:\/\/chassespagne.com\/wp-content\/uploads\/2023\/01\/logo_noir_bicolor_transparent_3cm.jpg","width":588,"height":600,"caption":"Jesus & Jesus Chasse en Espagne"},"image":{"@id":"https:\/\/chassespagne.com\/#\/schema\/logo\/image\/"}}]}},"_links":{"self":[{"href":"https:\/\/chassespagne.com\/index.php\/wp-json\/wp\/v2\/pages\/9","targetHints":{"allow":["GET"]}}],"collection":[{"href":"https:\/\/chassespagne.com\/index.php\/wp-json\/wp\/v2\/pages"}],"about":[{"href":"https:\/\/chassespagne.com\/index.php\/wp-json\/wp\/v2\/types\/page"}],"author":[{"embeddable":true,"href":"https:\/\/chassespagne.com\/index.php\/wp-json\/wp\/v2\/users\/1"}],"replies":[{"embeddable":true,"href":"https:\/\/chassespagne.com\/index.php\/wp-json\/wp\/v2\/comments?post=9"}],"version-history":[{"count":15,"href":"https:\/\/chassespagne.com\/index.php\/wp-json\/wp\/v2\/pages\/9\/revisions"}],"predecessor-version":[{"id":138,"href":"https:\/\/chassespagne.com\/index.php\/wp-json\/wp\/v2\/pages\/9\/revisions\/138"}],"wp:featuredmedia":[{"embeddable":true,"href":"https:\/\/chassespagne.com\/index.php\/wp-json\/"}],"wp:attachment":[{"href":"https:\/\/chassespagne.com\/index.php\/wp-json\/wp\/v2\/media?parent=9"}],"curies":[{"name":"wp","href":"https:\/\/api.w.org\/{rel}","templated":true}]}}